{"id":2751,"date":"2025-04-09T09:23:55","date_gmt":"2025-04-09T09:23:55","guid":{"rendered":"https:\/\/miyukioka.com\/?page_id=2751"},"modified":"2025-06-05T03:43:50","modified_gmt":"2025-06-05T03:43:50","slug":"000203-234831-20160214-20200612","status":"publish","type":"page","link":"https:\/\/miyukioka.com\/ja\/000203-234831-20160214-20200612\/","title":{"rendered":"000203-234831, 20160214-20200612"},"content":{"rendered":"\n<p>2023, 24\u6642\u9593\u6620\u50cf\u3001\u30b9\u30de\u30fc\u30c8\u30d5\u30a9\u30f3\u3001\u5199\u771f<\/p>\n\n\n\n<div style=\"padding:56.25% 0 0 0;position:relative;\"><iframe src=\"https:\/\/player.vimeo.com\/video\/799517857?h=59212c8a9e&amp;autoplay=1&amp;loop=1&amp;title=0&amp;byline=0&amp;portrait=0\" style=\"position:absolute;top:0;left:0;width:100%;height:100%;\" frameborder=\"0\" allow=\"autoplay; fullscreen; picture-in-picture\" allowfullscreen=\"\"><\/iframe><\/div><script src=\"https:\/\/player.vimeo.com\/api\/player.js\"><\/script>\n\n\n\n<div style=\"height:15px\" aria-hidden=\"true\" class=\"wp-block-spacer\"><\/div>\n\n\n\n<figure class=\"wp-block-image size-large\"><img fetchpriority=\"high\" decoding=\"async\" width=\"1024\" height=\"576\" src=\"https:\/\/miyukioka.com\/wp-content\/uploads\/2025\/04\/noname-1024x576.jpg\" alt=\"\" class=\"wp-image-2747\" srcset=\"https:\/\/miyukioka.com\/wp-content\/uploads\/2025\/04\/noname-1024x576.jpg 1024w, https:\/\/miyukioka.com\/wp-content\/uploads\/2025\/04\/noname-300x169.jpg 300w, https:\/\/miyukioka.com\/wp-content\/uploads\/2025\/04\/noname-768x432.jpg 768w, https:\/\/miyukioka.com\/wp-content\/uploads\/2025\/04\/noname-1536x864.jpg 1536w, https:\/\/miyukioka.com\/wp-content\/uploads\/2025\/04\/noname-1870x1052.jpg 1870w, https:\/\/miyukioka.com\/wp-content\/uploads\/2025\/04\/noname-400x225.jpg 400w, https:\/\/miyukioka.com\/wp-content\/uploads\/2025\/04\/noname-800x450.jpg 800w, https:\/\/miyukioka.com\/wp-content\/uploads\/2025\/04\/noname.jpg 1920w\" sizes=\"(max-width: 1024px) 100vw, 1024px\" \/><\/figure>\n\n\n\n<p class=\"has-text-align-right has-darker-gray-color has-text-color\" style=\"font-size:13px\"><em>\u5199\u771f\u3092\u64ae\u308b (000203-234831, 20160214-20200612) <\/em>(\u79c1, \u6bcd, \u7956\u7236)<br>2023\/1, Hochschule f\u00fcr Bildende K\u00fcnste St\u00e4delschule (Frankfurt)<\/p>\n\n\n\n<p>2020\u5e74\u306b\u4ea1\u304f\u306a\u3063\u305f\u7956\u7236\u306e\u30b9\u30de\u30fc\u30c8\u30d5\u30a9\u30f3\u306b\u306f\u3001\u5f7c\u304c\u4ea1\u304f\u306a\u308b\u307e\u3067\u306e4\u5e74\u9593\u306b\u64ae\u5f71\u3057\u305f\u5199\u771f\u304c\u6b8b\u3055\u308c\u3066\u3044\u305f\u3002\u672c\u4f5c\u3067\u306f\u3001\u7956\u7236\u30fb\u6bcd\u30fb\u79c1\u306e3\u4eba\u304c\u3001\u540c\u30584\u5e74\u9593\u306e\u3042\u3044\u3060\u306b\u305d\u308c\u305e\u308c\u64ae\u5f71\u3057\u3066\u3044\u305f\u5199\u771f\u3092\u4f7f\u7528\u3057\u3066\u3044\u308b\u30023\u53f0\u306e\u30b9\u30de\u30fc\u30c8\u30d5\u30a9\u30f3\u306e\u753b\u9762\u306b\u306f\u30013\u4eba\u304c\u64ae\u5f71\u3057\u305f\u5199\u771f\u304c\u3001\u305d\u308c\u305e\u308c\u64ae\u5f71\u3055\u308c\u305f\u6642\u523b\u3068\u540c\u3058\u6642\u523b\u306b1\u79d2\u9593\u3060\u3051\u8868\u793a\u3055\u308c\u308b\u3002\u4f5c\u54c1\u306f24\u6642\u9593\u3067\u30eb\u30fc\u30d7\u3059\u308b\u3002<\/p>\n\n\n\n<div class=\"wp-block-columns is-layout-flex wp-container-core-columns-is-layout-9d6595d7 wp-block-columns-is-layout-flex\">\n<div class=\"wp-block-column is-layout-flow wp-block-column-is-layout-flow\"><\/div>\n\n\n\n<div class=\"wp-block-column is-layout-flow wp-block-column-is-layout-flow\">\n<figure class=\"wp-block-video\"><video height=\"954\" style=\"aspect-ratio: 540 \/ 954;\" width=\"540\" autoplay controls loop muted src=\"https:\/\/miyukioka.com\/wp-content\/uploads\/2023\/03\/\u5199\u771f\u3092\u64ae\u308b_compressed.mp4\" playsinline><\/video><\/figure>\n<\/div>\n\n\n\n<div class=\"wp-block-column is-layout-flow wp-block-column-is-layout-flow\"><\/div>\n<\/div>\n","protected":false},"excerpt":{"rendered":"<p>2023, 24\u6642\u9593\u6620\u50cf\u3001\u30b9\u30de\u30fc\u30c8\u30d5\u30a9\u30f3&#8230;<\/p>\n","protected":false},"author":1,"featured_media":0,"parent":0,"menu_order":0,"comment_status":"closed","ping_status":"closed","template":"","meta":{"_locale":"ja","_original_post":"https:\/\/miyukioka.com\/?page_id=2744","footnotes":""},"tags":[],"class_list":["post-2751","page","type-page","status-publish","hentry","ja","missing-thumbnail"],"_links":{"self":[{"href":"https:\/\/miyukioka.com\/wp-json\/wp\/v2\/pages\/2751","targetHints":{"allow":["GET"]}}],"collection":[{"href":"https:\/\/miyukioka.com\/wp-json\/wp\/v2\/pages"}],"about":[{"href":"https:\/\/miyukioka.com\/wp-json\/wp\/v2\/types\/page"}],"author":[{"embeddable":true,"href":"https:\/\/miyukioka.com\/wp-json\/wp\/v2\/users\/1"}],"replies":[{"embeddable":true,"href":"https:\/\/miyukioka.com\/wp-json\/wp\/v2\/comments?post=2751"}],"version-history":[{"count":3,"href":"https:\/\/miyukioka.com\/wp-json\/wp\/v2\/pages\/2751\/revisions"}],"predecessor-version":[{"id":2921,"href":"https:\/\/miyukioka.com\/wp-json\/wp\/v2\/pages\/2751\/revisions\/2921"}],"wp:attachment":[{"href":"https:\/\/miyukioka.com\/wp-json\/wp\/v2\/media?parent=2751"}],"wp:term":[{"taxonomy":"post_tag","embeddable":true,"href":"https:\/\/miyukioka.com\/wp-json\/wp\/v2\/tags?post=2751"}],"curies":[{"name":"wp","href":"https:\/\/api.w.org\/{rel}","templated":true}]}}